{"id":382,"date":"2025-01-06T21:40:28","date_gmt":"2025-01-07T01:40:28","guid":{"rendered":"https:\/\/plusacademyonline.com\/producto\/unas-de-ensueno-domina-tecnicas-de-manicura-profesional-3\/"},"modified":"2025-01-07T01:03:41","modified_gmt":"2025-01-07T05:03:41","slug":"unas-de-ensueno-domina-tecnicas-de-manicura-profesional-3","status":"publish","type":"product","link":"https:\/\/plusacademyonline.com\/en\/product\/unas-de-ensueno-domina-tecnicas-de-manicura-profesional-3\/","title":{"rendered":"U\u00f1as de Ensue\u00f1o: Domina T\u00e9cnicas de Manicura Profesional"},"content":{"rendered":"","protected":false},"excerpt":{"rendered":"","protected":false},"featured_media":277,"comment_status":"open","ping_status":"closed","template":"","meta":{"_et_pb_use_builder":"","_et_pb_old_content":"","_et_gb_content_width":""},"product_brand":[],"product_cat":[17],"product_tag":[],"class_list":{"0":"post-382","1":"product","2":"type-product","3":"status-publish","4":"has-post-thumbnail","6":"product_cat-sin-categorizar","8":"first","9":"instock","10":"sale","11":"virtual","12":"sold-individually","13":"purchasable","14":"product-type-simple"},"_links":{"self":[{"href":"https:\/\/plusacademyonline.com\/en\/wp-json\/wp\/v2\/product\/382","targetHints":{"allow":["GET"]}}],"collection":[{"href":"https:\/\/plusacademyonline.com\/en\/wp-json\/wp\/v2\/product"}],"about":[{"href":"https:\/\/plusacademyonline.com\/en\/wp-json\/wp\/v2\/types\/product"}],"replies":[{"embeddable":true,"href":"https:\/\/plusacademyonline.com\/en\/wp-json\/wp\/v2\/comments?post=382"}],"wp:featuredmedia":[{"embeddable":true,"href":"https:\/\/plusacademyonline.com\/en\/wp-json\/wp\/v2\/media\/277"}],"wp:attachment":[{"href":"https:\/\/plusacademyonline.com\/en\/wp-json\/wp\/v2\/media?parent=382"}],"wp:term":[{"taxonomy":"product_brand","embeddable":true,"href":"https:\/\/plusacademyonline.com\/en\/wp-json\/wp\/v2\/product_brand?post=382"},{"taxonomy":"product_cat","embeddable":true,"href":"https:\/\/plusacademyonline.com\/en\/wp-json\/wp\/v2\/product_cat?post=382"},{"taxonomy":"product_tag","embeddable":true,"href":"https:\/\/plusacademyonline.com\/en\/wp-json\/wp\/v2\/product_tag?post=382"}],"curies":[{"name":"wp","href":"https:\/\/api.w.org\/{rel}","templated":true}]}}