{"id":284,"date":"2025-01-06T05:25:52","date_gmt":"2025-01-06T04:25:52","guid":{"rendered":"https:\/\/plusacademyonline.com\/producto\/unas-de-ensueno-domina-tecnicas-de-manicura-profesional\/"},"modified":"2025-01-06T20:39:26","modified_gmt":"2025-01-07T00:39:26","slug":"unas-de-ensueno-domina-tecnicas-de-manicura-profesional","status":"publish","type":"product","link":"https:\/\/plusacademyonline.com\/en\/product\/unas-de-ensueno-domina-tecnicas-de-manicura-profesional\/","title":{"rendered":"U\u00f1as de Ensue\u00f1o: Domina T\u00e9cnicas de Manicura Profesional"},"content":{"rendered":"","protected":false},"excerpt":{"rendered":"","protected":false},"featured_media":277,"comment_status":"open","ping_status":"closed","template":"","meta":{"_et_pb_use_builder":"","_et_pb_old_content":"","_et_gb_content_width":""},"product_brand":[],"product_cat":[23,22],"product_tag":[],"class_list":{"0":"post-284","1":"product","2":"type-product","3":"status-publish","4":"has-post-thumbnail","6":"product_cat-belleza","7":"product_cat-manicura","9":"first","10":"instock","11":"sale","12":"virtual","13":"sold-individually","14":"purchasable","15":"product-type-simple"},"_links":{"self":[{"href":"https:\/\/plusacademyonline.com\/en\/wp-json\/wp\/v2\/product\/284","targetHints":{"allow":["GET"]}}],"collection":[{"href":"https:\/\/plusacademyonline.com\/en\/wp-json\/wp\/v2\/product"}],"about":[{"href":"https:\/\/plusacademyonline.com\/en\/wp-json\/wp\/v2\/types\/product"}],"replies":[{"embeddable":true,"href":"https:\/\/plusacademyonline.com\/en\/wp-json\/wp\/v2\/comments?post=284"}],"wp:featuredmedia":[{"embeddable":true,"href":"https:\/\/plusacademyonline.com\/en\/wp-json\/wp\/v2\/media\/277"}],"wp:attachment":[{"href":"https:\/\/plusacademyonline.com\/en\/wp-json\/wp\/v2\/media?parent=284"}],"wp:term":[{"taxonomy":"product_brand","embeddable":true,"href":"https:\/\/plusacademyonline.com\/en\/wp-json\/wp\/v2\/product_brand?post=284"},{"taxonomy":"product_cat","embeddable":true,"href":"https:\/\/plusacademyonline.com\/en\/wp-json\/wp\/v2\/product_cat?post=284"},{"taxonomy":"product_tag","embeddable":true,"href":"https:\/\/plusacademyonline.com\/en\/wp-json\/wp\/v2\/product_tag?post=284"}],"curies":[{"name":"wp","href":"https:\/\/api.w.org\/{rel}","templated":true}]}}